{"id":243,"date":"2020-09-03T09:42:58","date_gmt":"2020-09-03T07:42:58","guid":{"rendered":"https:\/\/web.graphisme.pro\/Servaville\/?page_id=243"},"modified":"2023-05-23T08:36:11","modified_gmt":"2023-05-23T06:36:11","slug":"association-sportive-culturelle-servaville-salmonville","status":"publish","type":"page","link":"https:\/\/web.graphisme.pro\/Servaville\/association-sportive-culturelle-servaville-salmonville\/","title":{"rendered":"Association Socio-Culturelle et Sportive"},"content":{"rendered":"\n<div class=\"wp-block-columns is-layout-flex wp-container-core-columns-is-layout-1 wp-block-columns-is-layout-flex\">\n<div class=\"wp-block-column is-layout-flow wp-block-column-is-layout-flow\">\n<figure class=\"wp-block-image alignleft size-full is-resized\"><img loading=\"lazy\" decoding=\"async\" src=\"https:\/\/web.graphisme.pro\/Servaville\/wp-content\/uploads\/2022\/01\/ascss-titre1.png\" alt=\"\" class=\"wp-image-1660\" width=\"345\" height=\"102\" srcset=\"https:\/\/web.graphisme.pro\/Servaville\/wp-content\/uploads\/2022\/01\/ascss-titre1.png 398w, https:\/\/web.graphisme.pro\/Servaville\/wp-content\/uploads\/2022\/01\/ascss-titre1-300x89.png 300w, https:\/\/web.graphisme.pro\/Servaville\/wp-content\/uploads\/2022\/01\/ascss-titre1-140x42.png 140w\" sizes=\"(max-width: 345px) 100vw, 345px\" \/><\/figure>\n<\/div>\n\n\n\n<div class=\"wp-block-column is-layout-flow wp-block-column-is-layout-flow\"><\/div>\n<\/div>\n\n\n\n<div class=\"wp-block-group is-layout-flow wp-block-group-is-layout-flow\">\n<p class=\"has-text-align-center has-text-color\" style=\"color:#0071a1\"><strong>L\u2019Association Socioculturelle et Sportive de Servaville-Salmonville (A.S.C.S.S)<\/strong> est une association r\u00e9gie par la loi du 1<sup>er<\/sup> Juillet 1901 qui a pour but de promouvoir le d\u00e9veloppement des activit\u00e9s sportives, sociales et culturelles dans la commune de Servaville-Salmonville.<\/p>\n\n\n\n<p style=\"text-align: center;\"><strong data-rich-text-format-boundary=\"true\">Compos\u00e9e de 11 sections, l\u2019ASCSS comptait 231 adh\u00e9rents en 2021-2022.<\/strong><\/p>\n\n\n\n<table id=\"tablepress-12\" class=\"tablepress tablepress-id-12\">\n<tbody class=\"row-hover\">\n<tr class=\"row-1 odd\">\n\t<td class=\"column-1\"><strong>Sections<\/strong><\/td><td class=\"column-2\"><strong>Responsables<\/strong><\/td><td class=\"column-3\"><strong>Coordonn\u00e9es<\/strong><\/td>\n<\/tr>\n<tr class=\"row-2 even\">\n\t<td class=\"column-1\">BADMINTON<\/td><td class=\"column-2\">Sylvie COLAS<\/td><td class=\"column-3\">bidanel@aol.com<\/td>\n<\/tr>\n<tr class=\"row-3 odd\">\n\t<td class=\"column-1\">BIBLIOTHEQUE<\/td><td class=\"column-2\">Dani\u00e8le PELEE<\/td><td class=\"column-3\">danielepelee@orange.fr<\/td>\n<\/tr>\n<tr class=\"row-4 even\">\n\t<td class=\"column-1\">BOXE THA\u00cf<\/td><td class=\"column-2\">Hicham EL GOZ<\/td><td class=\"column-3\">hicham.elgoz@gmail.com<\/td>\n<\/tr>\n<tr class=\"row-5 odd\">\n\t<td class=\"column-1\">COUTURE<\/td><td class=\"column-2\">Katell METAIS<\/td><td class=\"column-3\">metais.nicolas@orange.fr<\/td>\n<\/tr>\n<tr class=\"row-6 even\">\n\t<td class=\"column-1\">EUREKA<\/td><td class=\"column-2\">Jocelyne LESUEUR<\/td><td class=\"column-3\">lesueur.jocelyne@orange.fr<\/td>\n<\/tr>\n<tr class=\"row-7 odd\">\n\t<td class=\"column-1\">GYMNASTIQUE<\/td><td class=\"column-2\">Martine LEROY<\/td><td class=\"column-3\">tandema2@gmail.com<\/td>\n<\/tr>\n<tr class=\"row-8 even\">\n\t<td class=\"column-1\">JUDO<\/td><td class=\"column-2\">Alexis GL\u00dcCK<\/td><td class=\"column-3\">judo.servaville@gmail.com<\/td>\n<\/tr>\n<tr class=\"row-9 odd\">\n\t<td class=\"column-1\">RANDONNEES PEDESTRES<\/td><td class=\"column-2\">Jocelyne LESUEUR<\/td><td class=\"column-3\">lesueur.jocelyne@orange.fr<\/td>\n<\/tr>\n<tr class=\"row-10 even\">\n\t<td class=\"column-1\">SCRABBLE<\/td><td class=\"column-2\">Jocelyne LESUEUR<\/td><td class=\"column-3\">lesueur.jocelyne@orange.fr<\/td>\n<\/tr>\n<tr class=\"row-11 odd\">\n\t<td class=\"column-1\">TENNIS<\/td><td class=\"column-2\">Lo\u00efc MARCHAND<\/td><td class=\"column-3\">loic.marchand624@orange.fr<\/td>\n<\/tr>\n<tr class=\"row-12 even\">\n\t<td class=\"column-1\">INTERLUDE<\/td><td class=\"column-2\">Francis PELEE<\/td><td class=\"column-3\">frapelee@orange.fr<\/td>\n<\/tr>\n<tr class=\"row-13 odd\">\n\t<td class=\"column-1\">ACTION CULTURELLE ET AUTRES ANIMATIONS<\/td><td class=\"column-2\">ASCSS<\/td><td class=\"column-3\">ascsservaville@gmail.com<br \/>\n<\/td>\n<\/tr>\n<\/tbody>\n<\/table>\n<!-- #tablepress-12 from cache -->\n\n\n\n<p class=\"has-text-align-center\"><strong>Une 13\u00e8me section Animations culturelles et diverses, organise chaque ann\u00e9e des rencontres jazz manouche, des concerts, du th\u00e9\u00e2tre, des sorties \u00e0 th\u00e8me&#8230;.et un salon d&rsquo;art contemporain tous les deux ans.<\/strong><\/p>\n\n\n\n<p class=\"has-text-align-center\"><strong><a href=\"https:\/\/web.graphisme.pro\/Servaville\/wp-content\/uploads\/2022\/09\/planning-2022-2023.pdf\" target=\"_blank\" rel=\"noreferrer noopener\">Horaires et lieux  des activit\u00e9s &#8211; Saison  2022-2023<\/a><\/strong><\/p>\n\n\n\n<div class=\"wp-block-buttons is-content-justification-center is-layout-flex wp-container-core-buttons-is-layout-1 wp-block-buttons-is-layout-flex\"><\/div>\n\n\n\n<div style=\"height:29px\" aria-hidden=\"true\" class=\"wp-block-spacer\"><\/div>\n\n\n\n<p class=\"has-text-align-center\"><strong>Le bureau de l&rsquo;ASCSS est compos\u00e9 de<\/strong> : Francis PELEE (Pr\u00e9sident), Alexis GL\u00dcCK (Vice-Pr\u00e9sident), J\u00e9r\u00f4me LONGUEVILLE (Tr\u00e9sorier), Sylvie COLAS (Tr\u00e9sori\u00e8re adjointe), Philippe LEMAITRE (Secr\u00e9taire).<\/p>\n\n\n\n<p class=\"has-text-align-center\"><strong>Contact <\/strong>:  <a rel=\"noreferrer noopener\" href=\"mailto:ascsservaville@gmail.com\" target=\"_blank\">ascsservaville@gmail.com<\/a><\/p>\n\n\n\n<p class=\"has-text-align-center\"><a href=\"https:\/\/ascss-servaville.fr\" target=\"_blank\" rel=\"noreferrer noopener\">Consulter le site Web de l&rsquo;A.S.C.S.S<\/a><\/p>\n<\/div>\n","protected":false},"excerpt":{"rendered":"<p>L\u2019Association Socioculturelle et Sportive de Servaville-Salmonville (A.S.C.S.S) est une association r\u00e9gie par la loi du 1er Juillet 1901 qui a pour but de promouvoir le d\u00e9veloppement des activit\u00e9s sportives, sociales [&hellip;]<\/p>\n","protected":false},"author":3,"featured_media":0,"parent":0,"menu_order":0,"comment_status":"closed","ping_status":"closed","template":"","meta":{"_EventAllDay":false,"_EventTimezone":"","_EventStartDate":"","_EventEndDate":"","_EventStartDateUTC":"","_EventEndDateUTC":"","_EventShowMap":false,"_EventShowMapLink":false,"_EventURL":"","_EventCost":"","_EventCostDescription":"","_EventCurrencySymbol":"","_EventCurrencyCode":"","_EventCurrencyPosition":"","_EventDateTimeSeparator":"","_EventTimeRangeSeparator":"","_EventOrganizerID":[],"_EventVenueID":[],"_OrganizerEmail":"","_OrganizerPhone":"","_OrganizerWebsite":"","_VenueAddress":"","_VenueCity":"","_VenueCountry":"","_VenueProvince":"","_VenueState":"","_VenueZip":"","_VenuePhone":"","_VenueURL":"","_VenueStateProvince":"","_VenueLat":"","_VenueLng":"","_VenueShowMap":false,"_VenueShowMapLink":false,"footnotes":""},"yoast_head":"<!-- This site is optimized with the Yoast SEO plugin v22.6 - https:\/\/yoast.com\/wordpress\/plugins\/seo\/ -->\n<title>Association Socio-Culturelle et Sportive - Mairie de Servaville-Salmonville<\/title>\n<meta name=\"robots\" content=\"index, follow, max-snippet:-1, max-image-preview:large, max-video-preview:-1\" \/>\n<link rel=\"canonical\" href=\"https:\/\/web.graphisme.pro\/Servaville\/association-sportive-culturelle-servaville-salmonville\/\" \/>\n<meta property=\"og:locale\" content=\"fr_FR\" \/>\n<meta property=\"og:type\" content=\"article\" \/>\n<meta property=\"og:title\" content=\"Association Socio-Culturelle et Sportive - Mairie de Servaville-Salmonville\" \/>\n<meta property=\"og:description\" content=\"L\u2019Association Socioculturelle et Sportive de Servaville-Salmonville (A.S.C.S.S) est une association r\u00e9gie par la loi du 1er Juillet 1901 qui a pour but de promouvoir le d\u00e9veloppement des activit\u00e9s sportives, sociales [&hellip;]\" \/>\n<meta property=\"og:url\" content=\"https:\/\/web.graphisme.pro\/Servaville\/association-sportive-culturelle-servaville-salmonville\/\" \/>\n<meta property=\"og:site_name\" content=\"Mairie de Servaville-Salmonville\" \/>\n<meta property=\"article:modified_time\" content=\"2023-05-23T06:36:11+00:00\" \/>\n<meta property=\"og:image\" content=\"https:\/\/web.graphisme.pro\/Servaville\/wp-content\/uploads\/2022\/01\/ascss-titre1.png\" \/>\n<meta name=\"twitter:card\" content=\"summary_large_image\" \/>\n<meta name=\"twitter:label1\" content=\"Dur\u00e9e de lecture estim\u00e9e\" \/>\n\t<meta name=\"twitter:data1\" content=\"1 minute\" \/>\n<script type=\"application\/ld+json\" class=\"yoast-schema-graph\">{\"@context\":\"https:\/\/schema.org\",\"@graph\":[{\"@type\":\"WebPage\",\"@id\":\"https:\/\/web.graphisme.pro\/Servaville\/association-sportive-culturelle-servaville-salmonville\/\",\"url\":\"https:\/\/web.graphisme.pro\/Servaville\/association-sportive-culturelle-servaville-salmonville\/\",\"name\":\"Association Socio-Culturelle et Sportive - Mairie de Servaville-Salmonville\",\"isPartOf\":{\"@id\":\"https:\/\/web.graphisme.pro\/Servaville\/#website\"},\"primaryImageOfPage\":{\"@id\":\"https:\/\/web.graphisme.pro\/Servaville\/association-sportive-culturelle-servaville-salmonville\/#primaryimage\"},\"image\":{\"@id\":\"https:\/\/web.graphisme.pro\/Servaville\/association-sportive-culturelle-servaville-salmonville\/#primaryimage\"},\"thumbnailUrl\":\"https:\/\/web.graphisme.pro\/Servaville\/wp-content\/uploads\/2022\/01\/ascss-titre1.png\",\"datePublished\":\"2020-09-03T07:42:58+00:00\",\"dateModified\":\"2023-05-23T06:36:11+00:00\",\"breadcrumb\":{\"@id\":\"https:\/\/web.graphisme.pro\/Servaville\/association-sportive-culturelle-servaville-salmonville\/#breadcrumb\"},\"inLanguage\":\"fr-FR\",\"potentialAction\":[{\"@type\":\"ReadAction\",\"target\":[\"https:\/\/web.graphisme.pro\/Servaville\/association-sportive-culturelle-servaville-salmonville\/\"]}]},{\"@type\":\"ImageObject\",\"inLanguage\":\"fr-FR\",\"@id\":\"https:\/\/web.graphisme.pro\/Servaville\/association-sportive-culturelle-servaville-salmonville\/#primaryimage\",\"url\":\"https:\/\/web.graphisme.pro\/Servaville\/wp-content\/uploads\/2022\/01\/ascss-titre1.png\",\"contentUrl\":\"https:\/\/web.graphisme.pro\/Servaville\/wp-content\/uploads\/2022\/01\/ascss-titre1.png\",\"width\":398,\"height\":118},{\"@type\":\"BreadcrumbList\",\"@id\":\"https:\/\/web.graphisme.pro\/Servaville\/association-sportive-culturelle-servaville-salmonville\/#breadcrumb\",\"itemListElement\":[{\"@type\":\"ListItem\",\"position\":1,\"name\":\"Accueil\",\"item\":\"https:\/\/web.graphisme.pro\/Servaville\/\"},{\"@type\":\"ListItem\",\"position\":2,\"name\":\"Association Socio-Culturelle et Sportive\"}]},{\"@type\":\"WebSite\",\"@id\":\"https:\/\/web.graphisme.pro\/Servaville\/#website\",\"url\":\"https:\/\/web.graphisme.pro\/Servaville\/\",\"name\":\"Mairie de Servaville-Salmonville\",\"description\":\"Seine-Maritime Normandie\",\"publisher\":{\"@id\":\"https:\/\/web.graphisme.pro\/Servaville\/#organization\"},\"potentialAction\":[{\"@type\":\"SearchAction\",\"target\":{\"@type\":\"EntryPoint\",\"urlTemplate\":\"https:\/\/web.graphisme.pro\/Servaville\/?s={search_term_string}\"},\"query-input\":\"required name=search_term_string\"}],\"inLanguage\":\"fr-FR\"},{\"@type\":\"Organization\",\"@id\":\"https:\/\/web.graphisme.pro\/Servaville\/#organization\",\"name\":\"Mairie de Servaville-Salmonville\",\"url\":\"https:\/\/web.graphisme.pro\/Servaville\/\",\"logo\":{\"@type\":\"ImageObject\",\"inLanguage\":\"fr-FR\",\"@id\":\"https:\/\/web.graphisme.pro\/Servaville\/#\/schema\/logo\/image\/\",\"url\":\"https:\/\/web.graphisme.pro\/Servaville\/wp-content\/uploads\/2020\/08\/servaville_logo-e1598278648383.png\",\"contentUrl\":\"https:\/\/web.graphisme.pro\/Servaville\/wp-content\/uploads\/2020\/08\/servaville_logo-e1598278648383.png\",\"width\":300,\"height\":236,\"caption\":\"Mairie de Servaville-Salmonville\"},\"image\":{\"@id\":\"https:\/\/web.graphisme.pro\/Servaville\/#\/schema\/logo\/image\/\"},\"sameAs\":[\"https:\/\/fr.wikipedia.org\/wiki\/Servaville-Salmonville\"]}]}<\/script>\n<!-- \/ Yoast SEO plugin. -->","yoast_head_json":{"title":"Association Socio-Culturelle et Sportive - Mairie de Servaville-Salmonville","robots":{"index":"index","follow":"follow","max-snippet":"max-snippet:-1","max-image-preview":"max-image-preview:large","max-video-preview":"max-video-preview:-1"},"canonical":"https:\/\/web.graphisme.pro\/Servaville\/association-sportive-culturelle-servaville-salmonville\/","og_locale":"fr_FR","og_type":"article","og_title":"Association Socio-Culturelle et Sportive - Mairie de Servaville-Salmonville","og_description":"L\u2019Association Socioculturelle et Sportive de Servaville-Salmonville (A.S.C.S.S) est une association r\u00e9gie par la loi du 1er Juillet 1901 qui a pour but de promouvoir le d\u00e9veloppement des activit\u00e9s sportives, sociales [&hellip;]","og_url":"https:\/\/web.graphisme.pro\/Servaville\/association-sportive-culturelle-servaville-salmonville\/","og_site_name":"Mairie de Servaville-Salmonville","article_modified_time":"2023-05-23T06:36:11+00:00","og_image":[{"url":"https:\/\/web.graphisme.pro\/Servaville\/wp-content\/uploads\/2022\/01\/ascss-titre1.png"}],"twitter_card":"summary_large_image","twitter_misc":{"Dur\u00e9e de lecture estim\u00e9e":"1 minute"},"schema":{"@context":"https:\/\/schema.org","@graph":[{"@type":"WebPage","@id":"https:\/\/web.graphisme.pro\/Servaville\/association-sportive-culturelle-servaville-salmonville\/","url":"https:\/\/web.graphisme.pro\/Servaville\/association-sportive-culturelle-servaville-salmonville\/","name":"Association Socio-Culturelle et Sportive - Mairie de Servaville-Salmonville","isPartOf":{"@id":"https:\/\/web.graphisme.pro\/Servaville\/#website"},"primaryImageOfPage":{"@id":"https:\/\/web.graphisme.pro\/Servaville\/association-sportive-culturelle-servaville-salmonville\/#primaryimage"},"image":{"@id":"https:\/\/web.graphisme.pro\/Servaville\/association-sportive-culturelle-servaville-salmonville\/#primaryimage"},"thumbnailUrl":"https:\/\/web.graphisme.pro\/Servaville\/wp-content\/uploads\/2022\/01\/ascss-titre1.png","datePublished":"2020-09-03T07:42:58+00:00","dateModified":"2023-05-23T06:36:11+00:00","breadcrumb":{"@id":"https:\/\/web.graphisme.pro\/Servaville\/association-sportive-culturelle-servaville-salmonville\/#breadcrumb"},"inLanguage":"fr-FR","potentialAction":[{"@type":"ReadAction","target":["https:\/\/web.graphisme.pro\/Servaville\/association-sportive-culturelle-servaville-salmonville\/"]}]},{"@type":"ImageObject","inLanguage":"fr-FR","@id":"https:\/\/web.graphisme.pro\/Servaville\/association-sportive-culturelle-servaville-salmonville\/#primaryimage","url":"https:\/\/web.graphisme.pro\/Servaville\/wp-content\/uploads\/2022\/01\/ascss-titre1.png","contentUrl":"https:\/\/web.graphisme.pro\/Servaville\/wp-content\/uploads\/2022\/01\/ascss-titre1.png","width":398,"height":118},{"@type":"BreadcrumbList","@id":"https:\/\/web.graphisme.pro\/Servaville\/association-sportive-culturelle-servaville-salmonville\/#breadcrumb","itemListElement":[{"@type":"ListItem","position":1,"name":"Accueil","item":"https:\/\/web.graphisme.pro\/Servaville\/"},{"@type":"ListItem","position":2,"name":"Association Socio-Culturelle et Sportive"}]},{"@type":"WebSite","@id":"https:\/\/web.graphisme.pro\/Servaville\/#website","url":"https:\/\/web.graphisme.pro\/Servaville\/","name":"Mairie de Servaville-Salmonville","description":"Seine-Maritime Normandie","publisher":{"@id":"https:\/\/web.graphisme.pro\/Servaville\/#organization"},"potentialAction":[{"@type":"SearchAction","target":{"@type":"EntryPoint","urlTemplate":"https:\/\/web.graphisme.pro\/Servaville\/?s={search_term_string}"},"query-input":"required name=search_term_string"}],"inLanguage":"fr-FR"},{"@type":"Organization","@id":"https:\/\/web.graphisme.pro\/Servaville\/#organization","name":"Mairie de Servaville-Salmonville","url":"https:\/\/web.graphisme.pro\/Servaville\/","logo":{"@type":"ImageObject","inLanguage":"fr-FR","@id":"https:\/\/web.graphisme.pro\/Servaville\/#\/schema\/logo\/image\/","url":"https:\/\/web.graphisme.pro\/Servaville\/wp-content\/uploads\/2020\/08\/servaville_logo-e1598278648383.png","contentUrl":"https:\/\/web.graphisme.pro\/Servaville\/wp-content\/uploads\/2020\/08\/servaville_logo-e1598278648383.png","width":300,"height":236,"caption":"Mairie de Servaville-Salmonville"},"image":{"@id":"https:\/\/web.graphisme.pro\/Servaville\/#\/schema\/logo\/image\/"},"sameAs":["https:\/\/fr.wikipedia.org\/wiki\/Servaville-Salmonville"]}]}},"_links":{"self":[{"href":"https:\/\/web.graphisme.pro\/Servaville\/wp-json\/wp\/v2\/pages\/243"}],"collection":[{"href":"https:\/\/web.graphisme.pro\/Servaville\/wp-json\/wp\/v2\/pages"}],"about":[{"href":"https:\/\/web.graphisme.pro\/Servaville\/wp-json\/wp\/v2\/types\/page"}],"author":[{"embeddable":true,"href":"https:\/\/web.graphisme.pro\/Servaville\/wp-json\/wp\/v2\/users\/3"}],"replies":[{"embeddable":true,"href":"https:\/\/web.graphisme.pro\/Servaville\/wp-json\/wp\/v2\/comments?post=243"}],"version-history":[{"count":91,"href":"https:\/\/web.graphisme.pro\/Servaville\/wp-json\/wp\/v2\/pages\/243\/revisions"}],"predecessor-version":[{"id":2197,"href":"https:\/\/web.graphisme.pro\/Servaville\/wp-json\/wp\/v2\/pages\/243\/revisions\/2197"}],"wp:attachment":[{"href":"https:\/\/web.graphisme.pro\/Servaville\/wp-json\/wp\/v2\/media?parent=243"}],"curies":[{"name":"wp","href":"https:\/\/api.w.org\/{rel}","templated":true}]}}