{"id":239,"date":"2020-09-03T09:42:14","date_gmt":"2020-09-03T07:42:14","guid":{"rendered":"https:\/\/web.graphisme.pro\/Servaville\/?page_id=239"},"modified":"2022-09-02T16:27:13","modified_gmt":"2022-09-02T14:27:13","slug":"interlude","status":"publish","type":"page","link":"https:\/\/web.graphisme.pro\/Servaville\/interlude\/","title":{"rendered":"\u00c9cole de musique INTERLUDE"},"content":{"rendered":"\n<div class=\"wp-block-media-text alignwide is-stacked-on-mobile\" style=\"grid-template-columns:25% auto\"><figure class=\"wp-block-media-text__media\"><img loading=\"lazy\" decoding=\"async\" width=\"900\" height=\"450\" src=\"https:\/\/web.graphisme.pro\/Servaville\/wp-content\/uploads\/2020\/11\/ecole-de-musique.jpg\" alt=\"\" class=\"wp-image-1026 size-full\" srcset=\"https:\/\/web.graphisme.pro\/Servaville\/wp-content\/uploads\/2020\/11\/ecole-de-musique.jpg 900w, https:\/\/web.graphisme.pro\/Servaville\/wp-content\/uploads\/2020\/11\/ecole-de-musique-300x150.jpg 300w, https:\/\/web.graphisme.pro\/Servaville\/wp-content\/uploads\/2020\/11\/ecole-de-musique-768x384.jpg 768w, https:\/\/web.graphisme.pro\/Servaville\/wp-content\/uploads\/2020\/11\/ecole-de-musique-140x70.jpg 140w\" sizes=\"(max-width: 900px) 100vw, 900px\" \/><\/figure><div class=\"wp-block-media-text__content\">\n<p class=\"has-text-align-center has-text-color\" style=\"color:#503556;font-size:clamp(18.959px, 1.185rem + ((1vw - 3.2px) * 1.15), 30px);px\"><strong>ECOLE DE MUSIQUE INTERCOMMUNALE PREAUX \u2013 SERVAVILLE-SALMONVILLE<\/strong><\/p>\n<\/div><\/div>\n\n\n<p>Labelis\u00e9e par la communaut\u00e9 de communes INTER-CAUX-VEXIN, l\u2019\u00e9cole de musique offre la possibilit\u00e9 de pratiquer des cours de formation musicale, d\u2019\u00e9veil musical, d\u2019instruments (Batterie, chant, guitare, basse, piano, saxophone, clarinette, violon et autres instruments sur demande\u2026) et d\u2019exercer ses talents dans un orchestre ou un atelier.<\/p>\n\n\n<div style=\"height:22px\" aria-hidden=\"true\" class=\"wp-block-spacer\"><\/div>\n\n\n<div class=\"title\" style=\"text-align: center;\"><span style=\"font-size: revert; color: initial;\">Cette ann\u00e9e, nouveaut\u00e9, un cours collectif de percussions le mardi soir et un atelier musique actuelle seront ouverts sur le site de Pr\u00e9aux ainsi qu\u2019un cours collectif d\u2019\u00e9veil musical le mercredi matin <\/span><span style=\"font-size: revert; color: initial;\">sur le site de Servaville.<\/span><\/div>\n<div class=\"content\">\n<h4 style=\"text-align: center;\"><strong>Inscriptions possibles le 3 septembre au forum des associations de Servaville-Salmonville ou\u00a0 le jeudi 8 septembre 2022 \u00e0 la salle clef des champs \u00e0 Pr\u00e9aux \u00e0 partir de 20h30.<\/strong><\/h4>\n<\/div>\n\n\n<div style=\"height:47px\" aria-hidden=\"true\" class=\"wp-block-spacer\"><\/div>\n\n\n<p><img loading=\"lazy\" decoding=\"async\" class=\"aligncenter\" src=\"https:\/\/web.graphisme.pro\/Servaville\/wp-content\/uploads\/2022\/08\/Tarifs-Interlude-2022-2023.jpg\" alt=\"L\u2019attribut alt de cette image est vide, son nom de fichier est Tarifs-Interlude-2022-2023.jpg.\" width=\"758\" height=\"255\" \/><\/p>\n\n\n<p class=\"has-text-align-center\"><a href=\"https:\/\/web.graphisme.pro\/Servaville\/wp-content\/uploads\/2022\/08\/Fiche-de-renseignements-Interlude-2022-2023.pdf\" target=\"_blank\" rel=\"noreferrer noopener\">Fiche compl\u00e8te de renseignements \u00e0 t\u00e9l\u00e9charger ici<\/a><\/p>\n\n\n\n<p class=\"has-text-align-center has-medium-font-size\"><strong>Pour tous renseignements compl\u00e9mentaires&nbsp;:<\/strong><\/p>\n\n\n\n<p class=\"has-text-align-center\"><strong>Laurent LEVASSEUR<\/strong>&nbsp;: 02 35 61 32 25 &nbsp;&nbsp;&nbsp;&nbsp;<strong>\u00c9ric PHILIP<\/strong>&nbsp;: 06 27 17 14 33 <\/p>\n\n\n\n<p class=\"has-text-align-center\">Site internet : <a href=\"https:\/\/www.musique-interlude.com\/\" target=\"_blank\" rel=\"noreferrer noopener\">https:\/\/www.musique-interlude.com\/<\/a><\/p>\n\n\n\n<p class=\"has-text-align-center\">Mail : <a href=\"mailto:ecoleinterlude@gmail.com\">ecoleinterlude@gmail.com<\/a><\/p>\n","protected":false},"excerpt":{"rendered":"<p>ECOLE DE MUSIQUE INTERCOMMUNALE PREAUX \u2013 SERVAVILLE-SALMONVILLE Labelis\u00e9e par la communaut\u00e9 de communes INTER-CAUX-VEXIN, l\u2019\u00e9cole de musique offre la possibilit\u00e9 de pratiquer des cours de formation musicale, d\u2019\u00e9veil musical, d\u2019instruments [&hellip;]<\/p>\n","protected":false},"author":1,"featured_media":0,"parent":0,"menu_order":0,"comment_status":"closed","ping_status":"closed","template":"","meta":{"_EventAllDay":false,"_EventTimezone":"","_EventStartDate":"","_EventEndDate":"","_EventStartDateUTC":"","_EventEndDateUTC":"","_EventShowMap":false,"_EventShowMapLink":false,"_EventURL":"","_EventCost":"","_EventCostDescription":"","_EventCurrencySymbol":"","_EventCurrencyCode":"","_EventCurrencyPosition":"","_EventDateTimeSeparator":"","_EventTimeRangeSeparator":"","_EventOrganizerID":[],"_EventVenueID":[],"_OrganizerEmail":"","_OrganizerPhone":"","_OrganizerWebsite":"","_VenueAddress":"","_VenueCity":"","_VenueCountry":"","_VenueProvince":"","_VenueState":"","_VenueZip":"","_VenuePhone":"","_VenueURL":"","_VenueStateProvince":"","_VenueLat":"","_VenueLng":"","_VenueShowMap":false,"_VenueShowMapLink":false,"footnotes":""},"yoast_head":"<!-- This site is optimized with the Yoast SEO plugin v22.6 - https:\/\/yoast.com\/wordpress\/plugins\/seo\/ -->\n<title>\u00c9cole de musique INTERLUDE - Mairie de Servaville-Salmonville<\/title>\n<meta name=\"robots\" content=\"index, follow, max-snippet:-1, max-image-preview:large, max-video-preview:-1\" \/>\n<link rel=\"canonical\" href=\"https:\/\/web.graphisme.pro\/Servaville\/interlude\/\" \/>\n<meta property=\"og:locale\" content=\"fr_FR\" \/>\n<meta property=\"og:type\" content=\"article\" \/>\n<meta property=\"og:title\" content=\"\u00c9cole de musique INTERLUDE - Mairie de Servaville-Salmonville\" \/>\n<meta property=\"og:description\" content=\"ECOLE DE MUSIQUE INTERCOMMUNALE PREAUX \u2013 SERVAVILLE-SALMONVILLE Labelis\u00e9e par la communaut\u00e9 de communes INTER-CAUX-VEXIN, l\u2019\u00e9cole de musique offre la possibilit\u00e9 de pratiquer des cours de formation musicale, d\u2019\u00e9veil musical, d\u2019instruments [&hellip;]\" \/>\n<meta property=\"og:url\" content=\"https:\/\/web.graphisme.pro\/Servaville\/interlude\/\" \/>\n<meta property=\"og:site_name\" content=\"Mairie de Servaville-Salmonville\" \/>\n<meta property=\"article:modified_time\" content=\"2022-09-02T14:27:13+00:00\" \/>\n<meta property=\"og:image\" content=\"https:\/\/web.graphisme.pro\/Servaville\/wp-content\/uploads\/2020\/11\/ecole-de-musique.jpg\" \/>\n<meta name=\"twitter:card\" content=\"summary_large_image\" \/>\n<meta name=\"twitter:label1\" content=\"Dur\u00e9e de lecture estim\u00e9e\" \/>\n\t<meta name=\"twitter:data1\" content=\"2 minutes\" \/>\n<script type=\"application\/ld+json\" class=\"yoast-schema-graph\">{\"@context\":\"https:\/\/schema.org\",\"@graph\":[{\"@type\":\"WebPage\",\"@id\":\"https:\/\/web.graphisme.pro\/Servaville\/interlude\/\",\"url\":\"https:\/\/web.graphisme.pro\/Servaville\/interlude\/\",\"name\":\"\u00c9cole de musique INTERLUDE - Mairie de Servaville-Salmonville\",\"isPartOf\":{\"@id\":\"https:\/\/web.graphisme.pro\/Servaville\/#website\"},\"primaryImageOfPage\":{\"@id\":\"https:\/\/web.graphisme.pro\/Servaville\/interlude\/#primaryimage\"},\"image\":{\"@id\":\"https:\/\/web.graphisme.pro\/Servaville\/interlude\/#primaryimage\"},\"thumbnailUrl\":\"https:\/\/web.graphisme.pro\/Servaville\/wp-content\/uploads\/2020\/11\/ecole-de-musique.jpg\",\"datePublished\":\"2020-09-03T07:42:14+00:00\",\"dateModified\":\"2022-09-02T14:27:13+00:00\",\"breadcrumb\":{\"@id\":\"https:\/\/web.graphisme.pro\/Servaville\/interlude\/#breadcrumb\"},\"inLanguage\":\"fr-FR\",\"potentialAction\":[{\"@type\":\"ReadAction\",\"target\":[\"https:\/\/web.graphisme.pro\/Servaville\/interlude\/\"]}]},{\"@type\":\"ImageObject\",\"inLanguage\":\"fr-FR\",\"@id\":\"https:\/\/web.graphisme.pro\/Servaville\/interlude\/#primaryimage\",\"url\":\"https:\/\/web.graphisme.pro\/Servaville\/wp-content\/uploads\/2020\/11\/ecole-de-musique.jpg\",\"contentUrl\":\"https:\/\/web.graphisme.pro\/Servaville\/wp-content\/uploads\/2020\/11\/ecole-de-musique.jpg\",\"width\":900,\"height\":450},{\"@type\":\"BreadcrumbList\",\"@id\":\"https:\/\/web.graphisme.pro\/Servaville\/interlude\/#breadcrumb\",\"itemListElement\":[{\"@type\":\"ListItem\",\"position\":1,\"name\":\"Accueil\",\"item\":\"https:\/\/web.graphisme.pro\/Servaville\/\"},{\"@type\":\"ListItem\",\"position\":2,\"name\":\"\u00c9cole de musique INTERLUDE\"}]},{\"@type\":\"WebSite\",\"@id\":\"https:\/\/web.graphisme.pro\/Servaville\/#website\",\"url\":\"https:\/\/web.graphisme.pro\/Servaville\/\",\"name\":\"Mairie de Servaville-Salmonville\",\"description\":\"Seine-Maritime Normandie\",\"publisher\":{\"@id\":\"https:\/\/web.graphisme.pro\/Servaville\/#organization\"},\"potentialAction\":[{\"@type\":\"SearchAction\",\"target\":{\"@type\":\"EntryPoint\",\"urlTemplate\":\"https:\/\/web.graphisme.pro\/Servaville\/?s={search_term_string}\"},\"query-input\":\"required name=search_term_string\"}],\"inLanguage\":\"fr-FR\"},{\"@type\":\"Organization\",\"@id\":\"https:\/\/web.graphisme.pro\/Servaville\/#organization\",\"name\":\"Mairie de Servaville-Salmonville\",\"url\":\"https:\/\/web.graphisme.pro\/Servaville\/\",\"logo\":{\"@type\":\"ImageObject\",\"inLanguage\":\"fr-FR\",\"@id\":\"https:\/\/web.graphisme.pro\/Servaville\/#\/schema\/logo\/image\/\",\"url\":\"https:\/\/web.graphisme.pro\/Servaville\/wp-content\/uploads\/2020\/08\/servaville_logo-e1598278648383.png\",\"contentUrl\":\"https:\/\/web.graphisme.pro\/Servaville\/wp-content\/uploads\/2020\/08\/servaville_logo-e1598278648383.png\",\"width\":300,\"height\":236,\"caption\":\"Mairie de Servaville-Salmonville\"},\"image\":{\"@id\":\"https:\/\/web.graphisme.pro\/Servaville\/#\/schema\/logo\/image\/\"},\"sameAs\":[\"https:\/\/fr.wikipedia.org\/wiki\/Servaville-Salmonville\"]}]}<\/script>\n<!-- \/ Yoast SEO plugin. -->","yoast_head_json":{"title":"\u00c9cole de musique INTERLUDE - Mairie de Servaville-Salmonville","robots":{"index":"index","follow":"follow","max-snippet":"max-snippet:-1","max-image-preview":"max-image-preview:large","max-video-preview":"max-video-preview:-1"},"canonical":"https:\/\/web.graphisme.pro\/Servaville\/interlude\/","og_locale":"fr_FR","og_type":"article","og_title":"\u00c9cole de musique INTERLUDE - Mairie de Servaville-Salmonville","og_description":"ECOLE DE MUSIQUE INTERCOMMUNALE PREAUX \u2013 SERVAVILLE-SALMONVILLE Labelis\u00e9e par la communaut\u00e9 de communes INTER-CAUX-VEXIN, l\u2019\u00e9cole de musique offre la possibilit\u00e9 de pratiquer des cours de formation musicale, d\u2019\u00e9veil musical, d\u2019instruments [&hellip;]","og_url":"https:\/\/web.graphisme.pro\/Servaville\/interlude\/","og_site_name":"Mairie de Servaville-Salmonville","article_modified_time":"2022-09-02T14:27:13+00:00","og_image":[{"url":"https:\/\/web.graphisme.pro\/Servaville\/wp-content\/uploads\/2020\/11\/ecole-de-musique.jpg"}],"twitter_card":"summary_large_image","twitter_misc":{"Dur\u00e9e de lecture estim\u00e9e":"2 minutes"},"schema":{"@context":"https:\/\/schema.org","@graph":[{"@type":"WebPage","@id":"https:\/\/web.graphisme.pro\/Servaville\/interlude\/","url":"https:\/\/web.graphisme.pro\/Servaville\/interlude\/","name":"\u00c9cole de musique INTERLUDE - Mairie de Servaville-Salmonville","isPartOf":{"@id":"https:\/\/web.graphisme.pro\/Servaville\/#website"},"primaryImageOfPage":{"@id":"https:\/\/web.graphisme.pro\/Servaville\/interlude\/#primaryimage"},"image":{"@id":"https:\/\/web.graphisme.pro\/Servaville\/interlude\/#primaryimage"},"thumbnailUrl":"https:\/\/web.graphisme.pro\/Servaville\/wp-content\/uploads\/2020\/11\/ecole-de-musique.jpg","datePublished":"2020-09-03T07:42:14+00:00","dateModified":"2022-09-02T14:27:13+00:00","breadcrumb":{"@id":"https:\/\/web.graphisme.pro\/Servaville\/interlude\/#breadcrumb"},"inLanguage":"fr-FR","potentialAction":[{"@type":"ReadAction","target":["https:\/\/web.graphisme.pro\/Servaville\/interlude\/"]}]},{"@type":"ImageObject","inLanguage":"fr-FR","@id":"https:\/\/web.graphisme.pro\/Servaville\/interlude\/#primaryimage","url":"https:\/\/web.graphisme.pro\/Servaville\/wp-content\/uploads\/2020\/11\/ecole-de-musique.jpg","contentUrl":"https:\/\/web.graphisme.pro\/Servaville\/wp-content\/uploads\/2020\/11\/ecole-de-musique.jpg","width":900,"height":450},{"@type":"BreadcrumbList","@id":"https:\/\/web.graphisme.pro\/Servaville\/interlude\/#breadcrumb","itemListElement":[{"@type":"ListItem","position":1,"name":"Accueil","item":"https:\/\/web.graphisme.pro\/Servaville\/"},{"@type":"ListItem","position":2,"name":"\u00c9cole de musique INTERLUDE"}]},{"@type":"WebSite","@id":"https:\/\/web.graphisme.pro\/Servaville\/#website","url":"https:\/\/web.graphisme.pro\/Servaville\/","name":"Mairie de Servaville-Salmonville","description":"Seine-Maritime Normandie","publisher":{"@id":"https:\/\/web.graphisme.pro\/Servaville\/#organization"},"potentialAction":[{"@type":"SearchAction","target":{"@type":"EntryPoint","urlTemplate":"https:\/\/web.graphisme.pro\/Servaville\/?s={search_term_string}"},"query-input":"required name=search_term_string"}],"inLanguage":"fr-FR"},{"@type":"Organization","@id":"https:\/\/web.graphisme.pro\/Servaville\/#organization","name":"Mairie de Servaville-Salmonville","url":"https:\/\/web.graphisme.pro\/Servaville\/","logo":{"@type":"ImageObject","inLanguage":"fr-FR","@id":"https:\/\/web.graphisme.pro\/Servaville\/#\/schema\/logo\/image\/","url":"https:\/\/web.graphisme.pro\/Servaville\/wp-content\/uploads\/2020\/08\/servaville_logo-e1598278648383.png","contentUrl":"https:\/\/web.graphisme.pro\/Servaville\/wp-content\/uploads\/2020\/08\/servaville_logo-e1598278648383.png","width":300,"height":236,"caption":"Mairie de Servaville-Salmonville"},"image":{"@id":"https:\/\/web.graphisme.pro\/Servaville\/#\/schema\/logo\/image\/"},"sameAs":["https:\/\/fr.wikipedia.org\/wiki\/Servaville-Salmonville"]}]}},"_links":{"self":[{"href":"https:\/\/web.graphisme.pro\/Servaville\/wp-json\/wp\/v2\/pages\/239"}],"collection":[{"href":"https:\/\/web.graphisme.pro\/Servaville\/wp-json\/wp\/v2\/pages"}],"about":[{"href":"https:\/\/web.graphisme.pro\/Servaville\/wp-json\/wp\/v2\/types\/page"}],"author":[{"embeddable":true,"href":"https:\/\/web.graphisme.pro\/Servaville\/wp-json\/wp\/v2\/users\/1"}],"replies":[{"embeddable":true,"href":"https:\/\/web.graphisme.pro\/Servaville\/wp-json\/wp\/v2\/comments?post=239"}],"version-history":[{"count":15,"href":"https:\/\/web.graphisme.pro\/Servaville\/wp-json\/wp\/v2\/pages\/239\/revisions"}],"predecessor-version":[{"id":1860,"href":"https:\/\/web.graphisme.pro\/Servaville\/wp-json\/wp\/v2\/pages\/239\/revisions\/1860"}],"wp:attachment":[{"href":"https:\/\/web.graphisme.pro\/Servaville\/wp-json\/wp\/v2\/media?parent=239"}],"curies":[{"name":"wp","href":"https:\/\/api.w.org\/{rel}","templated":true}]}}