{"id":210,"date":"2020-09-02T12:30:24","date_gmt":"2020-09-02T10:30:24","guid":{"rendered":"https:\/\/web.graphisme.pro\/Servaville\/?page_id=210"},"modified":"2024-03-19T10:13:45","modified_gmt":"2024-03-19T09:13:45","slug":"location-de-salle-servaville-salmonville","status":"publish","type":"page","link":"https:\/\/web.graphisme.pro\/Servaville\/location-de-salle-servaville-salmonville\/","title":{"rendered":"Location de salles \u00e0 Servaville-Salmonville"},"content":{"rendered":"\n<blockquote class=\"wp-block-quote is-layout-flow wp-block-quote-is-layout-flow\">\n<p>La commune de Servavillle-Salmonville est en mesure de louer :<br>&nbsp; &#8211; <strong><em>Une salle de c\u00e9r\u00e9monie<\/em><\/strong> avec cuisine \u00e9quip\u00e9e, vaisselle et sanitaires. Cette salle peut accueillir 80 personnes au maximum. Une petite salle annexe est \u00e9galement fournie avec la salle de c\u00e9r\u00e9monie.<br>&nbsp; &#8211; <strong><em>Une salle de sport<\/em><\/strong> pouvant servir de salle de r\u00e9ception, salle de spectacle, salle pour un vin d&rsquo;honneur, etc&#8230; Elle peut accueillir jusqu&rsquo;\u00e0 400 personnes debout<\/p>\n<\/blockquote>\n\n\n\n<figure class=\"wp-block-gallery has-nested-images columns-default is-cropped wp-block-gallery-1 is-layout-flex wp-block-gallery-is-layout-flex\">\n<figure class=\"wp-block-image size-large\"><img loading=\"lazy\" decoding=\"async\" width=\"1000\" height=\"450\" data-id=\"1876\" src=\"https:\/\/web.graphisme.pro\/Servaville\/wp-content\/uploads\/2022\/09\/Salle-interieure-2.jpg\" alt=\"\" class=\"wp-image-1876\" srcset=\"https:\/\/web.graphisme.pro\/Servaville\/wp-content\/uploads\/2022\/09\/Salle-interieure-2.jpg 1000w, https:\/\/web.graphisme.pro\/Servaville\/wp-content\/uploads\/2022\/09\/Salle-interieure-2-300x135.jpg 300w, https:\/\/web.graphisme.pro\/Servaville\/wp-content\/uploads\/2022\/09\/Salle-interieure-2-768x346.jpg 768w, https:\/\/web.graphisme.pro\/Servaville\/wp-content\/uploads\/2022\/09\/Salle-interieure-2-140x63.jpg 140w\" sizes=\"(max-width: 1000px) 100vw, 1000px\" \/><figcaption class=\"wp-element-caption\">Salle polyvalente<\/figcaption><\/figure>\n\n\n\n<figure class=\"wp-block-image size-large\"><img loading=\"lazy\" decoding=\"async\" width=\"1000\" height=\"450\" data-id=\"1875\" src=\"https:\/\/web.graphisme.pro\/Servaville\/wp-content\/uploads\/2022\/09\/Salle-interieure-1.jpg\" alt=\"\" class=\"wp-image-1875\" srcset=\"https:\/\/web.graphisme.pro\/Servaville\/wp-content\/uploads\/2022\/09\/Salle-interieure-1.jpg 1000w, https:\/\/web.graphisme.pro\/Servaville\/wp-content\/uploads\/2022\/09\/Salle-interieure-1-300x135.jpg 300w, https:\/\/web.graphisme.pro\/Servaville\/wp-content\/uploads\/2022\/09\/Salle-interieure-1-768x346.jpg 768w, https:\/\/web.graphisme.pro\/Servaville\/wp-content\/uploads\/2022\/09\/Salle-interieure-1-140x63.jpg 140w\" sizes=\"(max-width: 1000px) 100vw, 1000px\" \/><figcaption class=\"wp-element-caption\">Salle polyvalente<\/figcaption><\/figure>\n\n\n\n<figure class=\"wp-block-image size-large\"><img loading=\"lazy\" decoding=\"async\" width=\"1000\" height=\"449\" data-id=\"1872\" src=\"https:\/\/web.graphisme.pro\/Servaville\/wp-content\/uploads\/2022\/09\/Anciens.jpg\" alt=\"\" class=\"wp-image-1872\" srcset=\"https:\/\/web.graphisme.pro\/Servaville\/wp-content\/uploads\/2022\/09\/Anciens.jpg 1000w, https:\/\/web.graphisme.pro\/Servaville\/wp-content\/uploads\/2022\/09\/Anciens-300x135.jpg 300w, https:\/\/web.graphisme.pro\/Servaville\/wp-content\/uploads\/2022\/09\/Anciens-768x345.jpg 768w, https:\/\/web.graphisme.pro\/Servaville\/wp-content\/uploads\/2022\/09\/Anciens-140x63.jpg 140w\" sizes=\"(max-width: 1000px) 100vw, 1000px\" \/><figcaption class=\"wp-element-caption\">Pi\u00e8ce annexe<\/figcaption><\/figure>\n\n\n\n<figure class=\"wp-block-image size-large\"><img loading=\"lazy\" decoding=\"async\" width=\"1000\" height=\"450\" data-id=\"1874\" src=\"https:\/\/web.graphisme.pro\/Servaville\/wp-content\/uploads\/2022\/09\/Salle-exterieure.jpg\" alt=\"\" class=\"wp-image-1874\" srcset=\"https:\/\/web.graphisme.pro\/Servaville\/wp-content\/uploads\/2022\/09\/Salle-exterieure.jpg 1000w, https:\/\/web.graphisme.pro\/Servaville\/wp-content\/uploads\/2022\/09\/Salle-exterieure-300x135.jpg 300w, https:\/\/web.graphisme.pro\/Servaville\/wp-content\/uploads\/2022\/09\/Salle-exterieure-768x346.jpg 768w, https:\/\/web.graphisme.pro\/Servaville\/wp-content\/uploads\/2022\/09\/Salle-exterieure-140x63.jpg 140w\" sizes=\"(max-width: 1000px) 100vw, 1000px\" \/><figcaption class=\"wp-element-caption\">Salle polyvalente<\/figcaption><\/figure>\n\n\n\n<figure class=\"wp-block-image size-large is-style-default\"><img loading=\"lazy\" decoding=\"async\" width=\"1000\" height=\"449\" data-id=\"1873\" src=\"https:\/\/web.graphisme.pro\/Servaville\/wp-content\/uploads\/2022\/09\/Salle-de-sport.jpg\" alt=\"\" class=\"wp-image-1873\"\/><figcaption class=\"wp-element-caption\">Salle de sport<\/figcaption><\/figure>\n<\/figure>\n\n\n\n<div style=\"height:var(--wp--preset--spacing--small)\" aria-hidden=\"true\" class=\"wp-block-spacer\"><\/div>\n\n\n\n<h3 class=\"wp-block-heading\"><span style=\"color: #000000;\"><strong>Proc\u00e9dure de location d\u2019une salle :<\/strong><\/span><\/h3>\n\n\n\n<p><em><strong>Lors de la r\u00e9servation :<\/strong><\/em><\/p>\n\n\n\n<p>&#8211; V\u00e9rifier la disponibilit\u00e9 de la salle \u00e0 la date voulue : cliquez sur <strong><a href=\"https:\/\/calendar.google.com\/calendar\/u\/0\/embed?src=he54ga7a868f8bj8dh8aepbdd4@group.calendar.google.com&amp;pli=1\" target=\"_blank\" rel=\"noopener\">AGENDA,<\/a><br><\/strong>&#8211; Consulter les <strong><a href=\"https:\/\/web.graphisme.pro\/Servaville\/wp-content\/uploads\/2024\/03\/Tarif-location-de-salles-2024.pdf\" target=\"_blank\" rel=\"noreferrer noopener\">TARIFS,<\/a><br><\/strong>&#8211; Imprimer et remplir le formulaire de <a href=\"https:\/\/web.graphisme.pro\/Servaville\/wp-content\/uploads\/2022\/10\/Fiche-de-Reservation-salle-polyvalente-2022.pdf\" target=\"_blank\" rel=\"noreferrer noopener\"><strong>R\u00c9SERVATION DE LA SALLE POLYVALENTE<\/strong><\/a> en 3 exemplaires,<br>&#8211; Imprimer le <a href=\"https:\/\/web.graphisme.pro\/Servaville\/wp-content\/uploads\/2022\/08\/Reglement-Location-salle-polyvalente-2022.pdf\" target=\"_blank\" rel=\"noopener\"><strong>R<u>\u00c8<\/u>GLEMENT INT\u00c9RIEUR<\/strong><\/a> et le signer,<br>&#8211; Pr\u00e9parer le ch\u00e8que d&rsquo;arrhes libell\u00e9 \u00e0 l&rsquo;ordre du Tr\u00e9sor Public,<br>&#8211; Apporter ces documents en mairie pendant les heures de permanence pour valider la r\u00e9servation.<\/p>\n\n\n\n<p><em><strong>2 semaines avant la prise de location :<\/strong><\/em><\/p>\n\n\n\n<p>&#8211; Prendre RDV avec la responsable de la salle au <strong>07 72 39 80 16<\/strong> pour avoir les cl\u00e9s le jour de la location,<br>&#8211; Remplir le <a href=\"https:\/\/web.graphisme.pro\/Servaville\/wp-content\/uploads\/2022\/10\/Location-de-Vaisselle.pdf\" target=\"_blank\" rel=\"noreferrer noopener\">formulaire de location de vaisselle<\/a> si n\u00e9cessaire et le d\u00e9poser en mairie.<\/p>\n\n\n\n<p><em><strong>Le jour de la prise de la location :<\/strong><\/em><\/p>\n\n\n\n<p>&#8211; Aller en mairie r\u00e9gler le solde de la location et la location de vaisselle (1 ch\u00e8que libell\u00e9 \u00e0 l&rsquo;ordre du Tr\u00e9sor Public) et d\u00e9poser les 2 ch\u00e8ques de caution (Propret\u00e9 et D\u00e9gradations).<br>&#8211; Fournir une attestation d&rsquo;assurance en responsabilit\u00e9 civile.<\/p>\n\n\n\n<blockquote class=\"wp-block-quote has-text-align-center is-layout-flow wp-block-quote-is-layout-flow\">\n<p><strong>Vous pouvez contacter pour des renseignements compl\u00e9mentaires<\/strong><br><strong>la mairie au 02 35 23 40 31 ou la responsable de la salle au 07 72 39 80 16<\/strong><\/p>\n\n\n\n<p><\/p>\n<\/blockquote>\n","protected":false},"excerpt":{"rendered":"<p>La commune de Servavillle-Salmonville est en mesure de louer :&nbsp; &#8211; Une salle de c\u00e9r\u00e9monie avec cuisine \u00e9quip\u00e9e, vaisselle et sanitaires. Cette salle peut accueillir 80 personnes au maximum. Une [&hellip;]<\/p>\n","protected":false},"author":1,"featured_media":0,"parent":0,"menu_order":0,"comment_status":"closed","ping_status":"closed","template":"","meta":{"_EventAllDay":false,"_EventTimezone":"","_EventStartDate":"","_EventEndDate":"","_EventStartDateUTC":"","_EventEndDateUTC":"","_EventShowMap":false,"_EventShowMapLink":false,"_EventURL":"","_EventCost":"","_EventCostDescription":"","_EventCurrencySymbol":"","_EventCurrencyCode":"","_EventCurrencyPosition":"","_EventDateTimeSeparator":"","_EventTimeRangeSeparator":"","_EventOrganizerID":[],"_EventVenueID":[],"_OrganizerEmail":"","_OrganizerPhone":"","_OrganizerWebsite":"","_VenueAddress":"","_VenueCity":"","_VenueCountry":"","_VenueProvince":"","_VenueState":"","_VenueZip":"","_VenuePhone":"","_VenueURL":"","_VenueStateProvince":"","_VenueLat":"","_VenueLng":"","_VenueShowMap":false,"_VenueShowMapLink":false,"footnotes":""},"yoast_head":"<!-- This site is optimized with the Yoast SEO plugin v22.6 - https:\/\/yoast.com\/wordpress\/plugins\/seo\/ -->\n<title>Location de salles \u00e0 Servaville-Salmonville - Mairie de Servaville-Salmonville<\/title>\n<meta name=\"robots\" content=\"index, follow, max-snippet:-1, max-image-preview:large, max-video-preview:-1\" \/>\n<link rel=\"canonical\" href=\"https:\/\/web.graphisme.pro\/Servaville\/location-de-salle-servaville-salmonville\/\" \/>\n<meta property=\"og:locale\" content=\"fr_FR\" \/>\n<meta property=\"og:type\" content=\"article\" \/>\n<meta property=\"og:title\" content=\"Location de salles \u00e0 Servaville-Salmonville - Mairie de Servaville-Salmonville\" \/>\n<meta property=\"og:description\" content=\"La commune de Servavillle-Salmonville est en mesure de louer :&nbsp; &#8211; Une salle de c\u00e9r\u00e9monie avec cuisine \u00e9quip\u00e9e, vaisselle et sanitaires. Cette salle peut accueillir 80 personnes au maximum. Une [&hellip;]\" \/>\n<meta property=\"og:url\" content=\"https:\/\/web.graphisme.pro\/Servaville\/location-de-salle-servaville-salmonville\/\" \/>\n<meta property=\"og:site_name\" content=\"Mairie de Servaville-Salmonville\" \/>\n<meta property=\"article:modified_time\" content=\"2024-03-19T09:13:45+00:00\" \/>\n<meta property=\"og:image\" content=\"https:\/\/web.graphisme.pro\/Servaville\/wp-content\/uploads\/2022\/09\/Salle-interieure-2.jpg\" \/>\n<meta name=\"twitter:card\" content=\"summary_large_image\" \/>\n<meta name=\"twitter:label1\" content=\"Dur\u00e9e de lecture estim\u00e9e\" \/>\n\t<meta name=\"twitter:data1\" content=\"2 minutes\" \/>\n<script type=\"application\/ld+json\" class=\"yoast-schema-graph\">{\"@context\":\"https:\/\/schema.org\",\"@graph\":[{\"@type\":\"WebPage\",\"@id\":\"https:\/\/web.graphisme.pro\/Servaville\/location-de-salle-servaville-salmonville\/\",\"url\":\"https:\/\/web.graphisme.pro\/Servaville\/location-de-salle-servaville-salmonville\/\",\"name\":\"Location de salles \u00e0 Servaville-Salmonville - Mairie de Servaville-Salmonville\",\"isPartOf\":{\"@id\":\"https:\/\/web.graphisme.pro\/Servaville\/#website\"},\"primaryImageOfPage\":{\"@id\":\"https:\/\/web.graphisme.pro\/Servaville\/location-de-salle-servaville-salmonville\/#primaryimage\"},\"image\":{\"@id\":\"https:\/\/web.graphisme.pro\/Servaville\/location-de-salle-servaville-salmonville\/#primaryimage\"},\"thumbnailUrl\":\"https:\/\/web.graphisme.pro\/Servaville\/wp-content\/uploads\/2022\/09\/Salle-interieure-2.jpg\",\"datePublished\":\"2020-09-02T10:30:24+00:00\",\"dateModified\":\"2024-03-19T09:13:45+00:00\",\"breadcrumb\":{\"@id\":\"https:\/\/web.graphisme.pro\/Servaville\/location-de-salle-servaville-salmonville\/#breadcrumb\"},\"inLanguage\":\"fr-FR\",\"potentialAction\":[{\"@type\":\"ReadAction\",\"target\":[\"https:\/\/web.graphisme.pro\/Servaville\/location-de-salle-servaville-salmonville\/\"]}]},{\"@type\":\"ImageObject\",\"inLanguage\":\"fr-FR\",\"@id\":\"https:\/\/web.graphisme.pro\/Servaville\/location-de-salle-servaville-salmonville\/#primaryimage\",\"url\":\"https:\/\/web.graphisme.pro\/Servaville\/wp-content\/uploads\/2022\/09\/Salle-interieure-2.jpg\",\"contentUrl\":\"https:\/\/web.graphisme.pro\/Servaville\/wp-content\/uploads\/2022\/09\/Salle-interieure-2.jpg\",\"width\":1000,\"height\":450,\"caption\":\"Salle polyvalente\"},{\"@type\":\"BreadcrumbList\",\"@id\":\"https:\/\/web.graphisme.pro\/Servaville\/location-de-salle-servaville-salmonville\/#breadcrumb\",\"itemListElement\":[{\"@type\":\"ListItem\",\"position\":1,\"name\":\"Accueil\",\"item\":\"https:\/\/web.graphisme.pro\/Servaville\/\"},{\"@type\":\"ListItem\",\"position\":2,\"name\":\"Location de salles \u00e0 Servaville-Salmonville\"}]},{\"@type\":\"WebSite\",\"@id\":\"https:\/\/web.graphisme.pro\/Servaville\/#website\",\"url\":\"https:\/\/web.graphisme.pro\/Servaville\/\",\"name\":\"Mairie de Servaville-Salmonville\",\"description\":\"Seine-Maritime Normandie\",\"publisher\":{\"@id\":\"https:\/\/web.graphisme.pro\/Servaville\/#organization\"},\"potentialAction\":[{\"@type\":\"SearchAction\",\"target\":{\"@type\":\"EntryPoint\",\"urlTemplate\":\"https:\/\/web.graphisme.pro\/Servaville\/?s={search_term_string}\"},\"query-input\":\"required name=search_term_string\"}],\"inLanguage\":\"fr-FR\"},{\"@type\":\"Organization\",\"@id\":\"https:\/\/web.graphisme.pro\/Servaville\/#organization\",\"name\":\"Mairie de Servaville-Salmonville\",\"url\":\"https:\/\/web.graphisme.pro\/Servaville\/\",\"logo\":{\"@type\":\"ImageObject\",\"inLanguage\":\"fr-FR\",\"@id\":\"https:\/\/web.graphisme.pro\/Servaville\/#\/schema\/logo\/image\/\",\"url\":\"https:\/\/web.graphisme.pro\/Servaville\/wp-content\/uploads\/2020\/08\/servaville_logo-e1598278648383.png\",\"contentUrl\":\"https:\/\/web.graphisme.pro\/Servaville\/wp-content\/uploads\/2020\/08\/servaville_logo-e1598278648383.png\",\"width\":300,\"height\":236,\"caption\":\"Mairie de Servaville-Salmonville\"},\"image\":{\"@id\":\"https:\/\/web.graphisme.pro\/Servaville\/#\/schema\/logo\/image\/\"},\"sameAs\":[\"https:\/\/fr.wikipedia.org\/wiki\/Servaville-Salmonville\"]}]}<\/script>\n<!-- \/ Yoast SEO plugin. -->","yoast_head_json":{"title":"Location de salles \u00e0 Servaville-Salmonville - Mairie de Servaville-Salmonville","robots":{"index":"index","follow":"follow","max-snippet":"max-snippet:-1","max-image-preview":"max-image-preview:large","max-video-preview":"max-video-preview:-1"},"canonical":"https:\/\/web.graphisme.pro\/Servaville\/location-de-salle-servaville-salmonville\/","og_locale":"fr_FR","og_type":"article","og_title":"Location de salles \u00e0 Servaville-Salmonville - Mairie de Servaville-Salmonville","og_description":"La commune de Servavillle-Salmonville est en mesure de louer :&nbsp; &#8211; Une salle de c\u00e9r\u00e9monie avec cuisine \u00e9quip\u00e9e, vaisselle et sanitaires. Cette salle peut accueillir 80 personnes au maximum. Une [&hellip;]","og_url":"https:\/\/web.graphisme.pro\/Servaville\/location-de-salle-servaville-salmonville\/","og_site_name":"Mairie de Servaville-Salmonville","article_modified_time":"2024-03-19T09:13:45+00:00","og_image":[{"url":"https:\/\/web.graphisme.pro\/Servaville\/wp-content\/uploads\/2022\/09\/Salle-interieure-2.jpg"}],"twitter_card":"summary_large_image","twitter_misc":{"Dur\u00e9e de lecture estim\u00e9e":"2 minutes"},"schema":{"@context":"https:\/\/schema.org","@graph":[{"@type":"WebPage","@id":"https:\/\/web.graphisme.pro\/Servaville\/location-de-salle-servaville-salmonville\/","url":"https:\/\/web.graphisme.pro\/Servaville\/location-de-salle-servaville-salmonville\/","name":"Location de salles \u00e0 Servaville-Salmonville - Mairie de Servaville-Salmonville","isPartOf":{"@id":"https:\/\/web.graphisme.pro\/Servaville\/#website"},"primaryImageOfPage":{"@id":"https:\/\/web.graphisme.pro\/Servaville\/location-de-salle-servaville-salmonville\/#primaryimage"},"image":{"@id":"https:\/\/web.graphisme.pro\/Servaville\/location-de-salle-servaville-salmonville\/#primaryimage"},"thumbnailUrl":"https:\/\/web.graphisme.pro\/Servaville\/wp-content\/uploads\/2022\/09\/Salle-interieure-2.jpg","datePublished":"2020-09-02T10:30:24+00:00","dateModified":"2024-03-19T09:13:45+00:00","breadcrumb":{"@id":"https:\/\/web.graphisme.pro\/Servaville\/location-de-salle-servaville-salmonville\/#breadcrumb"},"inLanguage":"fr-FR","potentialAction":[{"@type":"ReadAction","target":["https:\/\/web.graphisme.pro\/Servaville\/location-de-salle-servaville-salmonville\/"]}]},{"@type":"ImageObject","inLanguage":"fr-FR","@id":"https:\/\/web.graphisme.pro\/Servaville\/location-de-salle-servaville-salmonville\/#primaryimage","url":"https:\/\/web.graphisme.pro\/Servaville\/wp-content\/uploads\/2022\/09\/Salle-interieure-2.jpg","contentUrl":"https:\/\/web.graphisme.pro\/Servaville\/wp-content\/uploads\/2022\/09\/Salle-interieure-2.jpg","width":1000,"height":450,"caption":"Salle polyvalente"},{"@type":"BreadcrumbList","@id":"https:\/\/web.graphisme.pro\/Servaville\/location-de-salle-servaville-salmonville\/#breadcrumb","itemListElement":[{"@type":"ListItem","position":1,"name":"Accueil","item":"https:\/\/web.graphisme.pro\/Servaville\/"},{"@type":"ListItem","position":2,"name":"Location de salles \u00e0 Servaville-Salmonville"}]},{"@type":"WebSite","@id":"https:\/\/web.graphisme.pro\/Servaville\/#website","url":"https:\/\/web.graphisme.pro\/Servaville\/","name":"Mairie de Servaville-Salmonville","description":"Seine-Maritime Normandie","publisher":{"@id":"https:\/\/web.graphisme.pro\/Servaville\/#organization"},"potentialAction":[{"@type":"SearchAction","target":{"@type":"EntryPoint","urlTemplate":"https:\/\/web.graphisme.pro\/Servaville\/?s={search_term_string}"},"query-input":"required name=search_term_string"}],"inLanguage":"fr-FR"},{"@type":"Organization","@id":"https:\/\/web.graphisme.pro\/Servaville\/#organization","name":"Mairie de Servaville-Salmonville","url":"https:\/\/web.graphisme.pro\/Servaville\/","logo":{"@type":"ImageObject","inLanguage":"fr-FR","@id":"https:\/\/web.graphisme.pro\/Servaville\/#\/schema\/logo\/image\/","url":"https:\/\/web.graphisme.pro\/Servaville\/wp-content\/uploads\/2020\/08\/servaville_logo-e1598278648383.png","contentUrl":"https:\/\/web.graphisme.pro\/Servaville\/wp-content\/uploads\/2020\/08\/servaville_logo-e1598278648383.png","width":300,"height":236,"caption":"Mairie de Servaville-Salmonville"},"image":{"@id":"https:\/\/web.graphisme.pro\/Servaville\/#\/schema\/logo\/image\/"},"sameAs":["https:\/\/fr.wikipedia.org\/wiki\/Servaville-Salmonville"]}]}},"_links":{"self":[{"href":"https:\/\/web.graphisme.pro\/Servaville\/wp-json\/wp\/v2\/pages\/210"}],"collection":[{"href":"https:\/\/web.graphisme.pro\/Servaville\/wp-json\/wp\/v2\/pages"}],"about":[{"href":"https:\/\/web.graphisme.pro\/Servaville\/wp-json\/wp\/v2\/types\/page"}],"author":[{"embeddable":true,"href":"https:\/\/web.graphisme.pro\/Servaville\/wp-json\/wp\/v2\/users\/1"}],"replies":[{"embeddable":true,"href":"https:\/\/web.graphisme.pro\/Servaville\/wp-json\/wp\/v2\/comments?post=210"}],"version-history":[{"count":61,"href":"https:\/\/web.graphisme.pro\/Servaville\/wp-json\/wp\/v2\/pages\/210\/revisions"}],"predecessor-version":[{"id":3000,"href":"https:\/\/web.graphisme.pro\/Servaville\/wp-json\/wp\/v2\/pages\/210\/revisions\/3000"}],"wp:attachment":[{"href":"https:\/\/web.graphisme.pro\/Servaville\/wp-json\/wp\/v2\/media?parent=210"}],"curies":[{"name":"wp","href":"https:\/\/api.w.org\/{rel}","templated":true}]}}