{"id":1170,"date":"2020-12-11T14:47:09","date_gmt":"2020-12-11T13:47:09","guid":{"rendered":"https:\/\/web.graphisme.pro\/Servaville\/?page_id=1170"},"modified":"2020-12-11T17:48:10","modified_gmt":"2020-12-11T16:48:10","slug":"civisme","status":"publish","type":"page","link":"https:\/\/web.graphisme.pro\/Servaville\/civisme\/","title":{"rendered":"Civisme"},"content":{"rendered":"\n<p class=\"has-text-align-center\"><strong>Vous trouverez sur cette page les r\u00e8glementations et recommandations visant \u00e0 assurer la tranquillit\u00e9 et de la qualit\u00e9 de la vie de chacun, pour bien vivre ensemble dans la commune.<\/strong><\/p>\n\n\n\n<p><strong>Nuisances sonores<\/strong><br>Les travaux de jardinage ou de bricolage utilisant des appareils bruyants (tondeuses, tron\u00e7onneuses, scies, perceuses\u2026) ne peuvent \u00eatre effectu\u00e9s qu\u2019\u00e0 certaines heures :<br>&#8211; Les jours ouvrables : de 8h30 \u00e0 12h00 et de 14h00 \u00e0 20h00<br>&#8211; Les samedis : de 9h00 \u00e0 12h00 et de 14h00 \u00e0 19h00<br>&#8211; Interdit les dimanches et jours f\u00e9ri\u00e9s<\/p>\n\n\n\n<p><strong>Animaux domestiques<\/strong><br>Les propri\u00e9taires d\u2019animaux, notamment de chiens, sont tenus de prendre toutes dispositions propres \u00e0 pr\u00e9server la tranquillit\u00e9 du voisinage, y compris par l\u2019usage de dispositifs dissuadant les animaux de faire du bruit de mani\u00e8re r\u00e9p\u00e9t\u00e9e et intempestive, sans toutefois porter atteinte \u00e0 la sant\u00e9 des animaux.<br>&#8211; Eviter de laisser vos chiens seuls ou apprenez-leur \u00e0 n\u2019aboyer qu\u2019en cas de danger.<br>&#8211; Les animaux domestiques doivent \u00eatre identifiables (plaque ou \u201cpuce\u201d)<br>&#8211; Les chiens dangereux (chiens de d\u00e9fense ou d\u2019attaque) doivent porter une museli\u00e8re et \u00eatre tenus en laisse sur la voie publique.<br>&#8211; Il est rappel\u00e9 aux propri\u00e9taires d\u2019animaux domestiques que la loi interdit leur divagation<br>&#8211; Si vous promenez votre chien sur les trottoirs, ou les diff\u00e9rentes zones engazonn\u00e9es du village et aires de jeux, n\u2019oubliez pas de vous munir d\u2019un petit sac pour ramasser ses \u00e9ventuelles d\u00e9jections. Il en va du bien-\u00eatre de chacun.<\/p>\n\n\n\n<p><strong>Les d\u00e9charges sauvages<\/strong><br>Papier, bouteille vide jet\u00e9e au sol, d\u00e9chets verts, mat\u00e9riaux, gravats,\u2026 d\u00e9pos\u00e9s dans un endroit non pr\u00e9vu \u00e0 cet effet constituent une d\u00e9charge ou un d\u00e9p\u00f4t sauvage interdit et susceptible d\u2019\u00eatre verbalis\u00e9. Des poubelles sont install\u00e9es dans la commune et une d\u00e9chetterie (d\u00e9chets verts) est ouverte les lundi et mercredi de 17h \u00e0 19h (sauf jours f\u00e9ri\u00e9s)<\/p>\n\n\n\n<p><strong>Espaces verts publics et aires de jeux<\/strong><br>La municipalit\u00e9 met \u00e0 disposition des habitants des espaces de jeux pour le plaisir et l&rsquo;agr\u00e9ment de tous. Respectez ces espaces et faites-les respecter par vos enfants.<\/p>\n\n\n\n<p><strong>Travers\u00e9e du village<\/strong><br>Malgr\u00e9 les am\u00e9nagements r\u00e9alis\u00e9s, (signalisation et ralentisseurs) des vitesses excessives sont r\u00e9guli\u00e8rement constat\u00e9es dans notre village. Pour la s\u00e9curit\u00e9 de tous et plus particuli\u00e8rement des enfants respectez les limitations de vitesse.<\/p>\n","protected":false},"excerpt":{"rendered":"<p>Vous trouverez sur cette page les r\u00e8glementations et recommandations visant \u00e0 assurer la tranquillit\u00e9 et de la qualit\u00e9 de la vie de chacun, pour bien vivre ensemble dans la commune. [&hellip;]<\/p>\n","protected":false},"author":1,"featured_media":0,"parent":0,"menu_order":0,"comment_status":"closed","ping_status":"closed","template":"","meta":{"_EventAllDay":false,"_EventTimezone":"","_EventStartDate":"","_EventEndDate":"","_EventStartDateUTC":"","_EventEndDateUTC":"","_EventShowMap":false,"_EventShowMapLink":false,"_EventURL":"","_EventCost":"","_EventCostDescription":"","_EventCurrencySymbol":"","_EventCurrencyCode":"","_EventCurrencyPosition":"","_EventDateTimeSeparator":"","_EventTimeRangeSeparator":"","_EventOrganizerID":[],"_EventVenueID":[],"_OrganizerEmail":"","_OrganizerPhone":"","_OrganizerWebsite":"","_VenueAddress":"","_VenueCity":"","_VenueCountry":"","_VenueProvince":"","_VenueState":"","_VenueZip":"","_VenuePhone":"","_VenueURL":"","_VenueStateProvince":"","_VenueLat":"","_VenueLng":"","_VenueShowMap":false,"_VenueShowMapLink":false,"footnotes":""},"yoast_head":"<!-- This site is optimized with the Yoast SEO plugin v22.6 - https:\/\/yoast.com\/wordpress\/plugins\/seo\/ -->\n<title>Civisme - Mairie de Servaville-Salmonville<\/title>\n<meta name=\"robots\" content=\"index, follow, max-snippet:-1, max-image-preview:large, max-video-preview:-1\" \/>\n<link rel=\"canonical\" href=\"https:\/\/web.graphisme.pro\/Servaville\/civisme\/\" \/>\n<meta property=\"og:locale\" content=\"fr_FR\" \/>\n<meta property=\"og:type\" content=\"article\" \/>\n<meta property=\"og:title\" content=\"Civisme - Mairie de Servaville-Salmonville\" \/>\n<meta property=\"og:description\" content=\"Vous trouverez sur cette page les r\u00e8glementations et recommandations visant \u00e0 assurer la tranquillit\u00e9 et de la qualit\u00e9 de la vie de chacun, pour bien vivre ensemble dans la commune. [&hellip;]\" \/>\n<meta property=\"og:url\" content=\"https:\/\/web.graphisme.pro\/Servaville\/civisme\/\" \/>\n<meta property=\"og:site_name\" content=\"Mairie de Servaville-Salmonville\" \/>\n<meta property=\"article:modified_time\" content=\"2020-12-11T16:48:10+00:00\" \/>\n<meta name=\"twitter:card\" content=\"summary_large_image\" \/>\n<meta name=\"twitter:label1\" content=\"Dur\u00e9e de lecture estim\u00e9e\" \/>\n\t<meta name=\"twitter:data1\" content=\"2 minutes\" \/>\n<script type=\"application\/ld+json\" class=\"yoast-schema-graph\">{\"@context\":\"https:\/\/schema.org\",\"@graph\":[{\"@type\":\"WebPage\",\"@id\":\"https:\/\/web.graphisme.pro\/Servaville\/civisme\/\",\"url\":\"https:\/\/web.graphisme.pro\/Servaville\/civisme\/\",\"name\":\"Civisme - Mairie de Servaville-Salmonville\",\"isPartOf\":{\"@id\":\"https:\/\/web.graphisme.pro\/Servaville\/#website\"},\"datePublished\":\"2020-12-11T13:47:09+00:00\",\"dateModified\":\"2020-12-11T16:48:10+00:00\",\"breadcrumb\":{\"@id\":\"https:\/\/web.graphisme.pro\/Servaville\/civisme\/#breadcrumb\"},\"inLanguage\":\"fr-FR\",\"potentialAction\":[{\"@type\":\"ReadAction\",\"target\":[\"https:\/\/web.graphisme.pro\/Servaville\/civisme\/\"]}]},{\"@type\":\"BreadcrumbList\",\"@id\":\"https:\/\/web.graphisme.pro\/Servaville\/civisme\/#breadcrumb\",\"itemListElement\":[{\"@type\":\"ListItem\",\"position\":1,\"name\":\"Accueil\",\"item\":\"https:\/\/web.graphisme.pro\/Servaville\/\"},{\"@type\":\"ListItem\",\"position\":2,\"name\":\"Civisme\"}]},{\"@type\":\"WebSite\",\"@id\":\"https:\/\/web.graphisme.pro\/Servaville\/#website\",\"url\":\"https:\/\/web.graphisme.pro\/Servaville\/\",\"name\":\"Mairie de Servaville-Salmonville\",\"description\":\"Seine-Maritime Normandie\",\"publisher\":{\"@id\":\"https:\/\/web.graphisme.pro\/Servaville\/#organization\"},\"potentialAction\":[{\"@type\":\"SearchAction\",\"target\":{\"@type\":\"EntryPoint\",\"urlTemplate\":\"https:\/\/web.graphisme.pro\/Servaville\/?s={search_term_string}\"},\"query-input\":\"required name=search_term_string\"}],\"inLanguage\":\"fr-FR\"},{\"@type\":\"Organization\",\"@id\":\"https:\/\/web.graphisme.pro\/Servaville\/#organization\",\"name\":\"Mairie de Servaville-Salmonville\",\"url\":\"https:\/\/web.graphisme.pro\/Servaville\/\",\"logo\":{\"@type\":\"ImageObject\",\"inLanguage\":\"fr-FR\",\"@id\":\"https:\/\/web.graphisme.pro\/Servaville\/#\/schema\/logo\/image\/\",\"url\":\"https:\/\/web.graphisme.pro\/Servaville\/wp-content\/uploads\/2020\/08\/servaville_logo-e1598278648383.png\",\"contentUrl\":\"https:\/\/web.graphisme.pro\/Servaville\/wp-content\/uploads\/2020\/08\/servaville_logo-e1598278648383.png\",\"width\":300,\"height\":236,\"caption\":\"Mairie de Servaville-Salmonville\"},\"image\":{\"@id\":\"https:\/\/web.graphisme.pro\/Servaville\/#\/schema\/logo\/image\/\"},\"sameAs\":[\"https:\/\/fr.wikipedia.org\/wiki\/Servaville-Salmonville\"]}]}<\/script>\n<!-- \/ Yoast SEO plugin. -->","yoast_head_json":{"title":"Civisme - Mairie de Servaville-Salmonville","robots":{"index":"index","follow":"follow","max-snippet":"max-snippet:-1","max-image-preview":"max-image-preview:large","max-video-preview":"max-video-preview:-1"},"canonical":"https:\/\/web.graphisme.pro\/Servaville\/civisme\/","og_locale":"fr_FR","og_type":"article","og_title":"Civisme - Mairie de Servaville-Salmonville","og_description":"Vous trouverez sur cette page les r\u00e8glementations et recommandations visant \u00e0 assurer la tranquillit\u00e9 et de la qualit\u00e9 de la vie de chacun, pour bien vivre ensemble dans la commune. [&hellip;]","og_url":"https:\/\/web.graphisme.pro\/Servaville\/civisme\/","og_site_name":"Mairie de Servaville-Salmonville","article_modified_time":"2020-12-11T16:48:10+00:00","twitter_card":"summary_large_image","twitter_misc":{"Dur\u00e9e de lecture estim\u00e9e":"2 minutes"},"schema":{"@context":"https:\/\/schema.org","@graph":[{"@type":"WebPage","@id":"https:\/\/web.graphisme.pro\/Servaville\/civisme\/","url":"https:\/\/web.graphisme.pro\/Servaville\/civisme\/","name":"Civisme - Mairie de Servaville-Salmonville","isPartOf":{"@id":"https:\/\/web.graphisme.pro\/Servaville\/#website"},"datePublished":"2020-12-11T13:47:09+00:00","dateModified":"2020-12-11T16:48:10+00:00","breadcrumb":{"@id":"https:\/\/web.graphisme.pro\/Servaville\/civisme\/#breadcrumb"},"inLanguage":"fr-FR","potentialAction":[{"@type":"ReadAction","target":["https:\/\/web.graphisme.pro\/Servaville\/civisme\/"]}]},{"@type":"BreadcrumbList","@id":"https:\/\/web.graphisme.pro\/Servaville\/civisme\/#breadcrumb","itemListElement":[{"@type":"ListItem","position":1,"name":"Accueil","item":"https:\/\/web.graphisme.pro\/Servaville\/"},{"@type":"ListItem","position":2,"name":"Civisme"}]},{"@type":"WebSite","@id":"https:\/\/web.graphisme.pro\/Servaville\/#website","url":"https:\/\/web.graphisme.pro\/Servaville\/","name":"Mairie de Servaville-Salmonville","description":"Seine-Maritime Normandie","publisher":{"@id":"https:\/\/web.graphisme.pro\/Servaville\/#organization"},"potentialAction":[{"@type":"SearchAction","target":{"@type":"EntryPoint","urlTemplate":"https:\/\/web.graphisme.pro\/Servaville\/?s={search_term_string}"},"query-input":"required name=search_term_string"}],"inLanguage":"fr-FR"},{"@type":"Organization","@id":"https:\/\/web.graphisme.pro\/Servaville\/#organization","name":"Mairie de Servaville-Salmonville","url":"https:\/\/web.graphisme.pro\/Servaville\/","logo":{"@type":"ImageObject","inLanguage":"fr-FR","@id":"https:\/\/web.graphisme.pro\/Servaville\/#\/schema\/logo\/image\/","url":"https:\/\/web.graphisme.pro\/Servaville\/wp-content\/uploads\/2020\/08\/servaville_logo-e1598278648383.png","contentUrl":"https:\/\/web.graphisme.pro\/Servaville\/wp-content\/uploads\/2020\/08\/servaville_logo-e1598278648383.png","width":300,"height":236,"caption":"Mairie de Servaville-Salmonville"},"image":{"@id":"https:\/\/web.graphisme.pro\/Servaville\/#\/schema\/logo\/image\/"},"sameAs":["https:\/\/fr.wikipedia.org\/wiki\/Servaville-Salmonville"]}]}},"_links":{"self":[{"href":"https:\/\/web.graphisme.pro\/Servaville\/wp-json\/wp\/v2\/pages\/1170"}],"collection":[{"href":"https:\/\/web.graphisme.pro\/Servaville\/wp-json\/wp\/v2\/pages"}],"about":[{"href":"https:\/\/web.graphisme.pro\/Servaville\/wp-json\/wp\/v2\/types\/page"}],"author":[{"embeddable":true,"href":"https:\/\/web.graphisme.pro\/Servaville\/wp-json\/wp\/v2\/users\/1"}],"replies":[{"embeddable":true,"href":"https:\/\/web.graphisme.pro\/Servaville\/wp-json\/wp\/v2\/comments?post=1170"}],"version-history":[{"count":3,"href":"https:\/\/web.graphisme.pro\/Servaville\/wp-json\/wp\/v2\/pages\/1170\/revisions"}],"predecessor-version":[{"id":1185,"href":"https:\/\/web.graphisme.pro\/Servaville\/wp-json\/wp\/v2\/pages\/1170\/revisions\/1185"}],"wp:attachment":[{"href":"https:\/\/web.graphisme.pro\/Servaville\/wp-json\/wp\/v2\/media?parent=1170"}],"curies":[{"name":"wp","href":"https:\/\/api.w.org\/{rel}","templated":true}]}}