{"id":115,"date":"2020-08-24T16:35:06","date_gmt":"2020-08-24T14:35:06","guid":{"rendered":"https:\/\/web.graphisme.pro\/Servaville\/?page_id=115"},"modified":"2022-11-24T18:57:46","modified_gmt":"2022-11-24T17:57:46","slug":"services-sociaux-servaville-salmonville","status":"publish","type":"page","link":"https:\/\/web.graphisme.pro\/Servaville\/services-sociaux-servaville-salmonville\/","title":{"rendered":"Les services sociaux de Servaville-Salmonville"},"content":{"rendered":"<h1 style=\"text-align: center;\">C.C.A.S<strong><br \/><\/strong><strong>Centre Communal d\u2019Action Sociale, <br \/>acteur cl\u00e9 pour une solidarit\u00e9 de proximit\u00e9<\/strong><\/h1>\n<p>Les principales missions du CCAS sont l&rsquo;accueil, l&rsquo;information et l&rsquo;orientation des servavillaises et servavillais notamment les plus fragiles, mais aussi des personnes handicap\u00e9es et des personnes \u00e2g\u00e9es. <br \/>Un ma\u00eetre mot\u00a0: <strong>LA SOLIDARITE<\/strong>.<\/p>\n<p>C&rsquo;est le premier interlocuteur des citoyens en mati\u00e8re d&rsquo;action sociale. Il peut relayer les demandes aux autres acteurs du territoire: centre d\u00e9partemental d\u2019action sociale, CLIC \u00a0et diff\u00e9rents partenaires.<br \/>Le CCAS participe aux actions de pr\u00e9vention et de d\u00e9veloppement social dans la lutte contre l&rsquo;exclusion et la pauvret\u00e9. Il accueille, oriente et peut vous aider \u00e0 remplir vos dossiers d\u2019aides sociales. Il peut \u00e9galement octroyer des aides financi\u00e8res sous condition de ressources.<br \/>Pour remplir sa mission, le CCAS dispose de moyens propres (personnel et budget) et d\u2019un organe de gestion : le conseil d&rsquo;administration pr\u00e9sid\u00e9 par le Maire de Servaville-Salmonville et compos\u00e9 de cinq membres \u00e9lus par le Conseil Municipal, cinq membres nomm\u00e9s par le Maire.<\/p>\n<p><strong><em>Pr\u00e9sident du CCAS :<\/em><\/strong>\u00a0Jean-Paul DUPRESSOIR, maire<\/p>\n<p><strong><em>D\u00e9l\u00e9gu\u00e9s municipaux :<\/em><\/strong>\u00a0Fabienne BERNSTEIN, Isabelle DURAND, Lucette SEVESTRE, Pierre DESOMBRE, Jean-Luc GARIN<\/p>\n<p><strong><em>Habitants d\u00e9l\u00e9gu\u00e9s :\u00a0<\/em><\/strong>Francis PEL\u00c9E, G\u00e9rard VERGER, Jean-Pierre ROBIN, Nicole JOUBERT, Emmanuel DELAUNAY<\/p>\n<p><strong><em>Et\u00a0<\/em><\/strong>Jocelyne LESUEUR (Membre honoraire)<\/p>\n<h2><strong>Que fait le CCAS ?<\/strong><\/h2>\n<p>Pour soutenir les habitants de la commune, notamment les personnes \u00e2g\u00e9es, les personnes en difficult\u00e9s, le CCAS\u00a0:<br \/>&#8211; Attribue des aides financi\u00e8res en nature,<br \/>&#8211; Met en \u0153uvre des actions d\u2019animation ou de soutien : lutte contre l\u2019isolement, maintien du lien social, acc\u00e8s \u00e0 la culture et aux loisirs, actions de pr\u00e9vention, adaptation du logement\u2026<\/p>\n<p><strong>Ses principaux domaines d\u2019actions concernent :\u00a0<br \/>&#8211;<\/strong> La lutte contre l\u2019exclusion et l\u2019acc\u00e8s aux droits : instruction des dossiers d\u2019aide sociale, aide alimentaire, pr\u00e9carit\u00e9 \u00e9nerg\u00e9tique, surendettement\u2026<br \/>&#8211; L\u2019accompagnement de la perte d\u2019autonomie : gestion de services d\u2019aide \u00e0 domicile, pr\u00e9vention et l\u2019animation en direction des personnes \u00e2g\u00e9es, \u2026<br \/>&#8211; Le soutien au logement et \u00e0 l\u2019h\u00e9bergement : acc\u00e8s et maintien dans le logement, adaptation de l\u2019habitat, logement\/h\u00e9bergement d\u2019urgence, \u2026<br \/>&#8211; La petite enfance, enfance\/jeunesse : relais d\u2019assistantes maternelles, soutien \u00e0 la parentalit\u00e9\u2026<br \/>&#8211; Le soutien aux personnes en situation de handicap.<\/p>\n<p><strong>A titre d\u2019exemple, il organise pour les ain\u00e9s :<br \/><\/strong>&#8211; Un banquet au mois de Mai<br \/>&#8211; Un colis de No\u00ebl<br \/>&#8211; Un spectacle intercommunal un dimanche apr\u00e8s-midi<br \/>&#8211; Des visites \u00e0 domicile\u2026<\/p>\n<h2><strong>Pour quelles d\u00e9marches s\u2019adresser au CCAS<\/strong>, <strong>quand et o\u00f9\u00a0?<\/strong><\/h2>\n<p>C\u2019est un lieu d\u2019accueil pour les personnes en difficult\u00e9 durable ou passag\u00e8re o\u00f9 est donn\u00e9 l\u2019information sur les droits, les aides et les prestations sociales, l\u2019orientation vers le bon organisme.<\/p>\n<p style=\"text-align: center;\"><br \/><strong>Permanences du C.C.A.S les jeudi et vendredis de 17h \u00e0 19h \u00e0 la Mairie<\/strong> <br \/>Contacter la mairie de Servaville-Salmonville au\u00a0<a href=\"tel:+33235234031\"><strong>02 35 23 40 31<\/strong><\/a><\/p>\n\n\n<p><\/p>\n","protected":false},"excerpt":{"rendered":"<p>C.C.A.SCentre Communal d\u2019Action Sociale, acteur cl\u00e9 pour une solidarit\u00e9 de proximit\u00e9 Les principales missions du CCAS sont l&rsquo;accueil, l&rsquo;information et l&rsquo;orientation des servavillaises et servavillais notamment les plus fragiles, mais [&hellip;]<\/p>\n","protected":false},"author":1,"featured_media":0,"parent":0,"menu_order":0,"comment_status":"closed","ping_status":"closed","template":"","meta":{"_EventAllDay":false,"_EventTimezone":"","_EventStartDate":"","_EventEndDate":"","_EventStartDateUTC":"","_EventEndDateUTC":"","_EventShowMap":false,"_EventShowMapLink":false,"_EventURL":"","_EventCost":"","_EventCostDescription":"","_EventCurrencySymbol":"","_EventCurrencyCode":"","_EventCurrencyPosition":"","_EventDateTimeSeparator":"","_EventTimeRangeSeparator":"","_EventOrganizerID":[],"_EventVenueID":[],"_OrganizerEmail":"","_OrganizerPhone":"","_OrganizerWebsite":"","_VenueAddress":"","_VenueCity":"","_VenueCountry":"","_VenueProvince":"","_VenueState":"","_VenueZip":"","_VenuePhone":"","_VenueURL":"","_VenueStateProvince":"","_VenueLat":"","_VenueLng":"","_VenueShowMap":false,"_VenueShowMapLink":false,"footnotes":""},"yoast_head":"<!-- This site is optimized with the Yoast SEO plugin v22.6 - https:\/\/yoast.com\/wordpress\/plugins\/seo\/ -->\n<title>Les services sociaux de Servaville-Salmonville - Mairie de Servaville-Salmonville<\/title>\n<meta name=\"robots\" content=\"index, follow, max-snippet:-1, max-image-preview:large, max-video-preview:-1\" \/>\n<link rel=\"canonical\" href=\"https:\/\/web.graphisme.pro\/Servaville\/services-sociaux-servaville-salmonville\/\" \/>\n<meta property=\"og:locale\" content=\"fr_FR\" \/>\n<meta property=\"og:type\" content=\"article\" \/>\n<meta property=\"og:title\" content=\"Les services sociaux de Servaville-Salmonville - Mairie de Servaville-Salmonville\" \/>\n<meta property=\"og:description\" content=\"C.C.A.SCentre Communal d\u2019Action Sociale, acteur cl\u00e9 pour une solidarit\u00e9 de proximit\u00e9 Les principales missions du CCAS sont l&rsquo;accueil, l&rsquo;information et l&rsquo;orientation des servavillaises et servavillais notamment les plus fragiles, mais [&hellip;]\" \/>\n<meta property=\"og:url\" content=\"https:\/\/web.graphisme.pro\/Servaville\/services-sociaux-servaville-salmonville\/\" \/>\n<meta property=\"og:site_name\" content=\"Mairie de Servaville-Salmonville\" \/>\n<meta property=\"article:modified_time\" content=\"2022-11-24T17:57:46+00:00\" \/>\n<meta name=\"twitter:card\" content=\"summary_large_image\" \/>\n<meta name=\"twitter:label1\" content=\"Dur\u00e9e de lecture estim\u00e9e\" \/>\n\t<meta name=\"twitter:data1\" content=\"3 minutes\" \/>\n<script type=\"application\/ld+json\" class=\"yoast-schema-graph\">{\"@context\":\"https:\/\/schema.org\",\"@graph\":[{\"@type\":\"WebPage\",\"@id\":\"https:\/\/web.graphisme.pro\/Servaville\/services-sociaux-servaville-salmonville\/\",\"url\":\"https:\/\/web.graphisme.pro\/Servaville\/services-sociaux-servaville-salmonville\/\",\"name\":\"Les services sociaux de Servaville-Salmonville - Mairie de Servaville-Salmonville\",\"isPartOf\":{\"@id\":\"https:\/\/web.graphisme.pro\/Servaville\/#website\"},\"datePublished\":\"2020-08-24T14:35:06+00:00\",\"dateModified\":\"2022-11-24T17:57:46+00:00\",\"breadcrumb\":{\"@id\":\"https:\/\/web.graphisme.pro\/Servaville\/services-sociaux-servaville-salmonville\/#breadcrumb\"},\"inLanguage\":\"fr-FR\",\"potentialAction\":[{\"@type\":\"ReadAction\",\"target\":[\"https:\/\/web.graphisme.pro\/Servaville\/services-sociaux-servaville-salmonville\/\"]}]},{\"@type\":\"BreadcrumbList\",\"@id\":\"https:\/\/web.graphisme.pro\/Servaville\/services-sociaux-servaville-salmonville\/#breadcrumb\",\"itemListElement\":[{\"@type\":\"ListItem\",\"position\":1,\"name\":\"Accueil\",\"item\":\"https:\/\/web.graphisme.pro\/Servaville\/\"},{\"@type\":\"ListItem\",\"position\":2,\"name\":\"Les services sociaux de Servaville-Salmonville\"}]},{\"@type\":\"WebSite\",\"@id\":\"https:\/\/web.graphisme.pro\/Servaville\/#website\",\"url\":\"https:\/\/web.graphisme.pro\/Servaville\/\",\"name\":\"Mairie de Servaville-Salmonville\",\"description\":\"Seine-Maritime Normandie\",\"publisher\":{\"@id\":\"https:\/\/web.graphisme.pro\/Servaville\/#organization\"},\"potentialAction\":[{\"@type\":\"SearchAction\",\"target\":{\"@type\":\"EntryPoint\",\"urlTemplate\":\"https:\/\/web.graphisme.pro\/Servaville\/?s={search_term_string}\"},\"query-input\":\"required name=search_term_string\"}],\"inLanguage\":\"fr-FR\"},{\"@type\":\"Organization\",\"@id\":\"https:\/\/web.graphisme.pro\/Servaville\/#organization\",\"name\":\"Mairie de Servaville-Salmonville\",\"url\":\"https:\/\/web.graphisme.pro\/Servaville\/\",\"logo\":{\"@type\":\"ImageObject\",\"inLanguage\":\"fr-FR\",\"@id\":\"https:\/\/web.graphisme.pro\/Servaville\/#\/schema\/logo\/image\/\",\"url\":\"https:\/\/web.graphisme.pro\/Servaville\/wp-content\/uploads\/2020\/08\/servaville_logo-e1598278648383.png\",\"contentUrl\":\"https:\/\/web.graphisme.pro\/Servaville\/wp-content\/uploads\/2020\/08\/servaville_logo-e1598278648383.png\",\"width\":300,\"height\":236,\"caption\":\"Mairie de Servaville-Salmonville\"},\"image\":{\"@id\":\"https:\/\/web.graphisme.pro\/Servaville\/#\/schema\/logo\/image\/\"},\"sameAs\":[\"https:\/\/fr.wikipedia.org\/wiki\/Servaville-Salmonville\"]}]}<\/script>\n<!-- \/ Yoast SEO plugin. -->","yoast_head_json":{"title":"Les services sociaux de Servaville-Salmonville - Mairie de Servaville-Salmonville","robots":{"index":"index","follow":"follow","max-snippet":"max-snippet:-1","max-image-preview":"max-image-preview:large","max-video-preview":"max-video-preview:-1"},"canonical":"https:\/\/web.graphisme.pro\/Servaville\/services-sociaux-servaville-salmonville\/","og_locale":"fr_FR","og_type":"article","og_title":"Les services sociaux de Servaville-Salmonville - Mairie de Servaville-Salmonville","og_description":"C.C.A.SCentre Communal d\u2019Action Sociale, acteur cl\u00e9 pour une solidarit\u00e9 de proximit\u00e9 Les principales missions du CCAS sont l&rsquo;accueil, l&rsquo;information et l&rsquo;orientation des servavillaises et servavillais notamment les plus fragiles, mais [&hellip;]","og_url":"https:\/\/web.graphisme.pro\/Servaville\/services-sociaux-servaville-salmonville\/","og_site_name":"Mairie de Servaville-Salmonville","article_modified_time":"2022-11-24T17:57:46+00:00","twitter_card":"summary_large_image","twitter_misc":{"Dur\u00e9e de lecture estim\u00e9e":"3 minutes"},"schema":{"@context":"https:\/\/schema.org","@graph":[{"@type":"WebPage","@id":"https:\/\/web.graphisme.pro\/Servaville\/services-sociaux-servaville-salmonville\/","url":"https:\/\/web.graphisme.pro\/Servaville\/services-sociaux-servaville-salmonville\/","name":"Les services sociaux de Servaville-Salmonville - Mairie de Servaville-Salmonville","isPartOf":{"@id":"https:\/\/web.graphisme.pro\/Servaville\/#website"},"datePublished":"2020-08-24T14:35:06+00:00","dateModified":"2022-11-24T17:57:46+00:00","breadcrumb":{"@id":"https:\/\/web.graphisme.pro\/Servaville\/services-sociaux-servaville-salmonville\/#breadcrumb"},"inLanguage":"fr-FR","potentialAction":[{"@type":"ReadAction","target":["https:\/\/web.graphisme.pro\/Servaville\/services-sociaux-servaville-salmonville\/"]}]},{"@type":"BreadcrumbList","@id":"https:\/\/web.graphisme.pro\/Servaville\/services-sociaux-servaville-salmonville\/#breadcrumb","itemListElement":[{"@type":"ListItem","position":1,"name":"Accueil","item":"https:\/\/web.graphisme.pro\/Servaville\/"},{"@type":"ListItem","position":2,"name":"Les services sociaux de Servaville-Salmonville"}]},{"@type":"WebSite","@id":"https:\/\/web.graphisme.pro\/Servaville\/#website","url":"https:\/\/web.graphisme.pro\/Servaville\/","name":"Mairie de Servaville-Salmonville","description":"Seine-Maritime Normandie","publisher":{"@id":"https:\/\/web.graphisme.pro\/Servaville\/#organization"},"potentialAction":[{"@type":"SearchAction","target":{"@type":"EntryPoint","urlTemplate":"https:\/\/web.graphisme.pro\/Servaville\/?s={search_term_string}"},"query-input":"required name=search_term_string"}],"inLanguage":"fr-FR"},{"@type":"Organization","@id":"https:\/\/web.graphisme.pro\/Servaville\/#organization","name":"Mairie de Servaville-Salmonville","url":"https:\/\/web.graphisme.pro\/Servaville\/","logo":{"@type":"ImageObject","inLanguage":"fr-FR","@id":"https:\/\/web.graphisme.pro\/Servaville\/#\/schema\/logo\/image\/","url":"https:\/\/web.graphisme.pro\/Servaville\/wp-content\/uploads\/2020\/08\/servaville_logo-e1598278648383.png","contentUrl":"https:\/\/web.graphisme.pro\/Servaville\/wp-content\/uploads\/2020\/08\/servaville_logo-e1598278648383.png","width":300,"height":236,"caption":"Mairie de Servaville-Salmonville"},"image":{"@id":"https:\/\/web.graphisme.pro\/Servaville\/#\/schema\/logo\/image\/"},"sameAs":["https:\/\/fr.wikipedia.org\/wiki\/Servaville-Salmonville"]}]}},"_links":{"self":[{"href":"https:\/\/web.graphisme.pro\/Servaville\/wp-json\/wp\/v2\/pages\/115"}],"collection":[{"href":"https:\/\/web.graphisme.pro\/Servaville\/wp-json\/wp\/v2\/pages"}],"about":[{"href":"https:\/\/web.graphisme.pro\/Servaville\/wp-json\/wp\/v2\/types\/page"}],"author":[{"embeddable":true,"href":"https:\/\/web.graphisme.pro\/Servaville\/wp-json\/wp\/v2\/users\/1"}],"replies":[{"embeddable":true,"href":"https:\/\/web.graphisme.pro\/Servaville\/wp-json\/wp\/v2\/comments?post=115"}],"version-history":[{"count":14,"href":"https:\/\/web.graphisme.pro\/Servaville\/wp-json\/wp\/v2\/pages\/115\/revisions"}],"predecessor-version":[{"id":2024,"href":"https:\/\/web.graphisme.pro\/Servaville\/wp-json\/wp\/v2\/pages\/115\/revisions\/2024"}],"wp:attachment":[{"href":"https:\/\/web.graphisme.pro\/Servaville\/wp-json\/wp\/v2\/media?parent=115"}],"curies":[{"name":"wp","href":"https:\/\/api.w.org\/{rel}","templated":true}]}}